{"id":559,"date":"2021-03-28T10:18:05","date_gmt":"2021-03-28T10:18:05","guid":{"rendered":"http:\/\/marek.marciniak.art\/?page_id=559"},"modified":"2021-03-28T10:41:48","modified_gmt":"2021-03-28T10:41:48","slug":"animacje","status":"publish","type":"page","link":"https:\/\/marek.marciniak.art\/index.php\/animacje\/","title":{"rendered":"Animacje"},"content":{"rendered":"\t\t<div data-elementor-type=\"wp-page\" data-elementor-id=\"559\" class=\"elementor elementor-559\">\n\t\t\t\t\t\t<section class=\"elementor-section elementor-top-section elementor-element elementor-element-93eadf3 elementor-section-boxed elementor-section-height-default elementor-section-height-default\" data-id=\"93eadf3\" data-element_type=\"section\">\n\t\t\t\t\t\t<div class=\"elementor-container elementor-column-gap-default\">\n\t\t\t\t\t<div class=\"elementor-column elementor-col-100 elementor-top-column elementor-element elementor-element-6f80cc4\" data-id=\"6f80cc4\" data-element_type=\"column\">\n\t\t\t<div class=\"elementor-widget-wrap elementor-element-populated\">\n\t\t\t\t\t\t<section class=\"elementor-section elementor-inner-section elementor-element elementor-element-f990361 elementor-section-boxed elementor-section-height-default elementor-section-height-default\" data-id=\"f990361\" data-element_type=\"section\">\n\t\t\t\t\t\t<div class=\"elementor-container elementor-column-gap-default\">\n\t\t\t\t\t<div class=\"elementor-column elementor-col-100 elementor-inner-column elementor-element elementor-element-268f03b\" data-id=\"268f03b\" data-element_type=\"column\">\n\t\t\t<div class=\"elementor-widget-wrap elementor-element-populated\">\n\t\t\t\t\t\t<div class=\"elementor-element elementor-element-f3119d7 elementor-widget elementor-widget-text-editor\" data-id=\"f3119d7\" data-element_type=\"widget\" data-widget_type=\"text-editor.default\">\n\t\t\t\t<div class=\"elementor-widget-container\">\n\t\t\t\t\t\t\t<h4 style=\"text-align: center;\"><span style=\"text-decoration: underline;\"><em><strong><span style=\"color: #0000ff; text-decoration: underline;\">Dzie\u0144 z \u017cycia ptak\u00f3w<\/span><br \/><\/strong><\/em><\/span><\/h4>\t\t\t\t\t\t<\/div>\n\t\t\t\t<\/div>\n\t\t\t\t\t<\/div>\n\t\t<\/div>\n\t\t\t\t\t<\/div>\n\t\t<\/section>\n\t\t\t\t<div class=\"elementor-element elementor-element-4431c47 elementor-widget elementor-widget-image\" data-id=\"4431c47\" data-element_type=\"widget\" data-widget_type=\"image.default\">\n\t\t\t\t<div class=\"elementor-widget-container\">\n\t\t\t\t\t\t\t\t\t\t\t\t\t<img fetchpriority=\"high\" decoding=\"async\" width=\"1000\" height=\"668\" src=\"https:\/\/marek.marciniak.art\/wp-content\/uploads\/2021\/03\/600_9377_dxo_2.gif\" class=\"attachment-large size-large wp-image-561\" alt=\"\" \/>\t\t\t\t\t\t\t\t\t\t\t\t\t<\/div>\n\t\t\t\t<\/div>\n\t\t\t\t\t<\/div>\n\t\t<\/div>\n\t\t\t\t\t<\/div>\n\t\t<\/section>\n\t\t\t\t<\/div>\n\t\t","protected":false},"excerpt":{"rendered":"<p>Dzie\u0144 z \u017cycia ptak\u00f3w<\/p>\n","protected":false},"author":1,"featured_media":0,"parent":0,"menu_order":0,"comment_status":"closed","ping_status":"closed","template":"","meta":{"_uag_custom_page_level_css":"","footnotes":""},"uagb_featured_image_src":{"full":false,"thumbnail":false,"medium":false,"medium_large":false,"large":false,"1536x1536":false,"2048x2048":false},"uagb_author_info":{"display_name":"pawel6mgmail.com","author_link":"https:\/\/marek.marciniak.art\/index.php\/author\/pawel6mgmail-com\/"},"uagb_comment_info":0,"uagb_excerpt":"Dzie\u0144 z \u017cycia ptak\u00f3w","_links":{"self":[{"href":"https:\/\/marek.marciniak.art\/index.php\/wp-json\/wp\/v2\/pages\/559"}],"collection":[{"href":"https:\/\/marek.marciniak.art\/index.php\/wp-json\/wp\/v2\/pages"}],"about":[{"href":"https:\/\/marek.marciniak.art\/index.php\/wp-json\/wp\/v2\/types\/page"}],"author":[{"embeddable":true,"href":"https:\/\/marek.marciniak.art\/index.php\/wp-json\/wp\/v2\/users\/1"}],"replies":[{"embeddable":true,"href":"https:\/\/marek.marciniak.art\/index.php\/wp-json\/wp\/v2\/comments?post=559"}],"version-history":[{"count":13,"href":"https:\/\/marek.marciniak.art\/index.php\/wp-json\/wp\/v2\/pages\/559\/revisions"}],"predecessor-version":[{"id":575,"href":"https:\/\/marek.marciniak.art\/index.php\/wp-json\/wp\/v2\/pages\/559\/revisions\/575"}],"wp:attachment":[{"href":"https:\/\/marek.marciniak.art\/index.php\/wp-json\/wp\/v2\/media?parent=559"}],"curies":[{"name":"wp","href":"https:\/\/api.w.org\/{rel}","templated":true}]}}